{"id":791,"date":"2017-09-08T15:42:10","date_gmt":"2017-09-08T13:42:10","guid":{"rendered":"http:\/\/wp.duventdanslesvoiles.be\/?page_id=791"},"modified":"2017-10-23T11:51:44","modified_gmt":"2017-10-23T09:51:44","slug":"anokhi-fr","status":"publish","type":"page","link":"http:\/\/www.duventdanslesvoiles.be\/index.php\/anokhi-fr\/","title":{"rendered":"Anokhi FR"},"content":{"rendered":"<div id=\"dslc-theme-content\"><div id=\"dslc-theme-content-inner\"><hr \/>\n<p>Anokhi se distingue par ses impressions et son design, sa gamme de couleurs et sa qualit\u00e9 de produit.<\/p>\n<p>Depuis plus de 40 ans, les id\u00e9aux d'Anokhi ont \u00e9t\u00e9 ceux de la conservation et du d\u00e9veloppement, gr\u00e2ce \u00e0 l'apport de la conception, du marketing et du financement de projets.<\/p>\n<p>La Soci\u00e9t\u00e9 est connue comme un mod\u00e8le alternatif pour les bonnes pratiques commerciales et le renouveau continu des comp\u00e9tences textiles traditionnelles.<\/p>\n<\/div><\/div>","protected":false},"excerpt":{"rendered":"<p>Anokhi se distingue par ses impressions et son design, sa gamme de couleurs et sa qualit\u00e9 de produit. Depuis plus de 40 ans, les id\u00e9aux d'Anokhi ont \u00e9t\u00e9 ceux de la conservation et du d\u00e9veloppement, gr\u00e2ce \u00e0 l'apport de la conception, du marketing et du financement de projets. La Soci\u00e9t\u00e9 est connue comme un mod\u00e8le &hellip; <\/p>\n<p class=\"link-more\"><a href=\"http:\/\/www.duventdanslesvoiles.be\/index.php\/anokhi-fr\/\" class=\"more-link\">Continue reading<span class=\"screen-reader-text\"> \"Anokhi FR\"<\/span><\/a><\/p>\n","protected":false},"author":1,"featured_media":792,"parent":0,"menu_order":0,"comment_status":"closed","ping_status":"closed","template":"","meta":{"footnotes":""},"categories":[],"tags":[],"class_list":["post-791","page","type-page","status-publish","has-post-thumbnail","hentry"],"yoast_head":"<!-- This site is optimized with the Yoast SEO plugin v27.4 - https:\/\/yoast.com\/product\/yoast-seo-wordpress\/ -->\n<title>Anokhi FR - Du vent dans les voiles<\/title>\n<meta name=\"description\" content=\"Anokhi se distingue par ses impressions et son design, sa gamme de couleurs et sa qualit\u00e9 de produit.\" \/>\n<meta name=\"robots\" content=\"index, follow, max-snippet:-1, max-image-preview:large, max-video-preview:-1\" \/>\n<link rel=\"canonical\" href=\"http:\/\/www.duventdanslesvoiles.be\/index.php\/anokhi-fr\/\" \/>\n<meta property=\"og:locale\" content=\"en_US\" \/>\n<meta property=\"og:type\" content=\"article\" \/>\n<meta property=\"og:title\" content=\"Anokhi FR - Du vent dans les voiles\" \/>\n<meta property=\"og:description\" content=\"Anokhi se distingue par ses impressions et son design, sa gamme de couleurs et sa qualit\u00e9 de produit.\" \/>\n<meta property=\"og:url\" content=\"http:\/\/www.duventdanslesvoiles.be\/index.php\/anokhi-fr\/\" \/>\n<meta property=\"og:site_name\" content=\"Du vent dans les voiles\" \/>\n<meta property=\"article:modified_time\" content=\"2017-10-23T09:51:44+00:00\" \/>\n<meta property=\"og:image\" content=\"https:\/\/www.duventdanslesvoiles.be\/wp-content\/uploads\/2017\/09\/logo-anokhi.jpg\" \/>\n\t<meta property=\"og:image:width\" content=\"600\" \/>\n\t<meta property=\"og:image:height\" content=\"200\" \/>\n\t<meta property=\"og:image:type\" content=\"image\/jpeg\" \/>\n<meta name=\"twitter:card\" content=\"summary_large_image\" \/>\n<script type=\"application\/ld+json\" class=\"yoast-schema-graph\">{\"@context\":\"https:\\\/\\\/schema.org\",\"@graph\":[{\"@type\":\"WebPage\",\"@id\":\"http:\\\/\\\/www.duventdanslesvoiles.be\\\/index.php\\\/anokhi-fr\\\/\",\"url\":\"http:\\\/\\\/www.duventdanslesvoiles.be\\\/index.php\\\/anokhi-fr\\\/\",\"name\":\"Anokhi FR - Du vent dans les voiles\",\"isPartOf\":{\"@id\":\"http:\\\/\\\/www.duventdanslesvoiles.be\\\/#website\"},\"primaryImageOfPage\":{\"@id\":\"http:\\\/\\\/www.duventdanslesvoiles.be\\\/index.php\\\/anokhi-fr\\\/#primaryimage\"},\"image\":{\"@id\":\"http:\\\/\\\/www.duventdanslesvoiles.be\\\/index.php\\\/anokhi-fr\\\/#primaryimage\"},\"thumbnailUrl\":\"http:\\\/\\\/www.duventdanslesvoiles.be\\\/wp-content\\\/uploads\\\/2017\\\/09\\\/logo-anokhi.jpg\",\"datePublished\":\"2017-09-08T13:42:10+00:00\",\"dateModified\":\"2017-10-23T09:51:44+00:00\",\"description\":\"Anokhi se distingue par ses impressions et son design, sa gamme de couleurs et sa qualit\u00e9 de produit.\",\"breadcrumb\":{\"@id\":\"http:\\\/\\\/www.duventdanslesvoiles.be\\\/index.php\\\/anokhi-fr\\\/#breadcrumb\"},\"inLanguage\":\"en-US\",\"potentialAction\":[{\"@type\":\"ReadAction\",\"target\":[\"http:\\\/\\\/www.duventdanslesvoiles.be\\\/index.php\\\/anokhi-fr\\\/\"]}]},{\"@type\":\"ImageObject\",\"inLanguage\":\"en-US\",\"@id\":\"http:\\\/\\\/www.duventdanslesvoiles.be\\\/index.php\\\/anokhi-fr\\\/#primaryimage\",\"url\":\"http:\\\/\\\/www.duventdanslesvoiles.be\\\/wp-content\\\/uploads\\\/2017\\\/09\\\/logo-anokhi.jpg\",\"contentUrl\":\"http:\\\/\\\/www.duventdanslesvoiles.be\\\/wp-content\\\/uploads\\\/2017\\\/09\\\/logo-anokhi.jpg\",\"width\":600,\"height\":200,\"caption\":\"Logo Anokhi\"},{\"@type\":\"BreadcrumbList\",\"@id\":\"http:\\\/\\\/www.duventdanslesvoiles.be\\\/index.php\\\/anokhi-fr\\\/#breadcrumb\",\"itemListElement\":[{\"@type\":\"ListItem\",\"position\":1,\"name\":\"Home\",\"item\":\"http:\\\/\\\/www.duventdanslesvoiles.be\\\/\"},{\"@type\":\"ListItem\",\"position\":2,\"name\":\"Anokhi FR\"}]},{\"@type\":\"WebSite\",\"@id\":\"http:\\\/\\\/www.duventdanslesvoiles.be\\\/#website\",\"url\":\"http:\\\/\\\/www.duventdanslesvoiles.be\\\/\",\"name\":\"Du vent dans les voiles\",\"description\":\"\",\"publisher\":{\"@id\":\"http:\\\/\\\/www.duventdanslesvoiles.be\\\/#organization\"},\"potentialAction\":[{\"@type\":\"SearchAction\",\"target\":{\"@type\":\"EntryPoint\",\"urlTemplate\":\"http:\\\/\\\/www.duventdanslesvoiles.be\\\/?s={search_term_string}\"},\"query-input\":{\"@type\":\"PropertyValueSpecification\",\"valueRequired\":true,\"valueName\":\"search_term_string\"}}],\"inLanguage\":\"en-US\"},{\"@type\":\"Organization\",\"@id\":\"http:\\\/\\\/www.duventdanslesvoiles.be\\\/#organization\",\"name\":\"Du Vent Dans Les Voiles\",\"url\":\"http:\\\/\\\/www.duventdanslesvoiles.be\\\/\",\"logo\":{\"@type\":\"ImageObject\",\"inLanguage\":\"en-US\",\"@id\":\"http:\\\/\\\/www.duventdanslesvoiles.be\\\/#\\\/schema\\\/logo\\\/image\\\/\",\"url\":\"http:\\\/\\\/www.duventdanslesvoiles.be\\\/wp-content\\\/uploads\\\/2017\\\/09\\\/logo-du-vent-dans-les-voiles-sept-20-2017-final-2.png\",\"contentUrl\":\"http:\\\/\\\/www.duventdanslesvoiles.be\\\/wp-content\\\/uploads\\\/2017\\\/09\\\/logo-du-vent-dans-les-voiles-sept-20-2017-final-2.png\",\"width\":250,\"height\":250,\"caption\":\"Du Vent Dans Les Voiles\"},\"image\":{\"@id\":\"http:\\\/\\\/www.duventdanslesvoiles.be\\\/#\\\/schema\\\/logo\\\/image\\\/\"}}]}<\/script>\n<!-- \/ Yoast SEO plugin. -->","yoast_head_json":{"title":"Anokhi FR - Du vent dans les voiles","description":"Anokhi se distingue par ses impressions et son design, sa gamme de couleurs et sa qualit\u00e9 de produit.","robots":{"index":"index","follow":"follow","max-snippet":"max-snippet:-1","max-image-preview":"max-image-preview:large","max-video-preview":"max-video-preview:-1"},"canonical":"http:\/\/www.duventdanslesvoiles.be\/index.php\/anokhi-fr\/","og_locale":"en_US","og_type":"article","og_title":"Anokhi FR - Du vent dans les voiles","og_description":"Anokhi se distingue par ses impressions et son design, sa gamme de couleurs et sa qualit\u00e9 de produit.","og_url":"http:\/\/www.duventdanslesvoiles.be\/index.php\/anokhi-fr\/","og_site_name":"Du vent dans les voiles","article_modified_time":"2017-10-23T09:51:44+00:00","og_image":[{"width":600,"height":200,"url":"https:\/\/www.duventdanslesvoiles.be\/wp-content\/uploads\/2017\/09\/logo-anokhi.jpg","type":"image\/jpeg"}],"twitter_card":"summary_large_image","schema":{"@context":"https:\/\/schema.org","@graph":[{"@type":"WebPage","@id":"http:\/\/www.duventdanslesvoiles.be\/index.php\/anokhi-fr\/","url":"http:\/\/www.duventdanslesvoiles.be\/index.php\/anokhi-fr\/","name":"Anokhi FR - Du vent dans les voiles","isPartOf":{"@id":"http:\/\/www.duventdanslesvoiles.be\/#website"},"primaryImageOfPage":{"@id":"http:\/\/www.duventdanslesvoiles.be\/index.php\/anokhi-fr\/#primaryimage"},"image":{"@id":"http:\/\/www.duventdanslesvoiles.be\/index.php\/anokhi-fr\/#primaryimage"},"thumbnailUrl":"http:\/\/www.duventdanslesvoiles.be\/wp-content\/uploads\/2017\/09\/logo-anokhi.jpg","datePublished":"2017-09-08T13:42:10+00:00","dateModified":"2017-10-23T09:51:44+00:00","description":"Anokhi se distingue par ses impressions et son design, sa gamme de couleurs et sa qualit\u00e9 de produit.","breadcrumb":{"@id":"http:\/\/www.duventdanslesvoiles.be\/index.php\/anokhi-fr\/#breadcrumb"},"inLanguage":"en-US","potentialAction":[{"@type":"ReadAction","target":["http:\/\/www.duventdanslesvoiles.be\/index.php\/anokhi-fr\/"]}]},{"@type":"ImageObject","inLanguage":"en-US","@id":"http:\/\/www.duventdanslesvoiles.be\/index.php\/anokhi-fr\/#primaryimage","url":"http:\/\/www.duventdanslesvoiles.be\/wp-content\/uploads\/2017\/09\/logo-anokhi.jpg","contentUrl":"http:\/\/www.duventdanslesvoiles.be\/wp-content\/uploads\/2017\/09\/logo-anokhi.jpg","width":600,"height":200,"caption":"Logo Anokhi"},{"@type":"BreadcrumbList","@id":"http:\/\/www.duventdanslesvoiles.be\/index.php\/anokhi-fr\/#breadcrumb","itemListElement":[{"@type":"ListItem","position":1,"name":"Home","item":"http:\/\/www.duventdanslesvoiles.be\/"},{"@type":"ListItem","position":2,"name":"Anokhi FR"}]},{"@type":"WebSite","@id":"http:\/\/www.duventdanslesvoiles.be\/#website","url":"http:\/\/www.duventdanslesvoiles.be\/","name":"Du vent dans les voiles","description":"","publisher":{"@id":"http:\/\/www.duventdanslesvoiles.be\/#organization"},"potentialAction":[{"@type":"SearchAction","target":{"@type":"EntryPoint","urlTemplate":"http:\/\/www.duventdanslesvoiles.be\/?s={search_term_string}"},"query-input":{"@type":"PropertyValueSpecification","valueRequired":true,"valueName":"search_term_string"}}],"inLanguage":"en-US"},{"@type":"Organization","@id":"http:\/\/www.duventdanslesvoiles.be\/#organization","name":"Du Vent Dans Les Voiles","url":"http:\/\/www.duventdanslesvoiles.be\/","logo":{"@type":"ImageObject","inLanguage":"en-US","@id":"http:\/\/www.duventdanslesvoiles.be\/#\/schema\/logo\/image\/","url":"http:\/\/www.duventdanslesvoiles.be\/wp-content\/uploads\/2017\/09\/logo-du-vent-dans-les-voiles-sept-20-2017-final-2.png","contentUrl":"http:\/\/www.duventdanslesvoiles.be\/wp-content\/uploads\/2017\/09\/logo-du-vent-dans-les-voiles-sept-20-2017-final-2.png","width":250,"height":250,"caption":"Du Vent Dans Les Voiles"},"image":{"@id":"http:\/\/www.duventdanslesvoiles.be\/#\/schema\/logo\/image\/"}}]}},"_links":{"self":[{"href":"http:\/\/www.duventdanslesvoiles.be\/index.php\/wp-json\/wp\/v2\/pages\/791","targetHints":{"allow":["GET"]}}],"collection":[{"href":"http:\/\/www.duventdanslesvoiles.be\/index.php\/wp-json\/wp\/v2\/pages"}],"about":[{"href":"http:\/\/www.duventdanslesvoiles.be\/index.php\/wp-json\/wp\/v2\/types\/page"}],"author":[{"embeddable":true,"href":"http:\/\/www.duventdanslesvoiles.be\/index.php\/wp-json\/wp\/v2\/users\/1"}],"replies":[{"embeddable":true,"href":"http:\/\/www.duventdanslesvoiles.be\/index.php\/wp-json\/wp\/v2\/comments?post=791"}],"version-history":[{"count":1,"href":"http:\/\/www.duventdanslesvoiles.be\/index.php\/wp-json\/wp\/v2\/pages\/791\/revisions"}],"predecessor-version":[{"id":793,"href":"http:\/\/www.duventdanslesvoiles.be\/index.php\/wp-json\/wp\/v2\/pages\/791\/revisions\/793"}],"wp:featuredmedia":[{"embeddable":true,"href":"http:\/\/www.duventdanslesvoiles.be\/index.php\/wp-json\/wp\/v2\/media\/792"}],"wp:attachment":[{"href":"http:\/\/www.duventdanslesvoiles.be\/index.php\/wp-json\/wp\/v2\/media?parent=791"}],"wp:term":[{"taxonomy":"category","embeddable":true,"href":"http:\/\/www.duventdanslesvoiles.be\/index.php\/wp-json\/wp\/v2\/categories?post=791"},{"taxonomy":"post_tag","embeddable":true,"href":"http:\/\/www.duventdanslesvoiles.be\/index.php\/wp-json\/wp\/v2\/tags?post=791"}],"curies":[{"name":"wp","href":"https:\/\/api.w.org\/{rel}","templated":true}]}}