{"id":683,"date":"2017-09-08T01:48:06","date_gmt":"2017-09-07T23:48:06","guid":{"rendered":"http:\/\/wp.duventdanslesvoiles.be\/?page_id=683"},"modified":"2018-04-09T18:01:33","modified_gmt":"2018-04-09T16:01:33","slug":"antica-sartoria-fr","status":"publish","type":"page","link":"http:\/\/www.duventdanslesvoiles.be\/index.php\/antica-sartoria-fr\/","title":{"rendered":"Antica Sartoria"},"content":{"rendered":"<div id=\"dslc-theme-content\"><div id=\"dslc-theme-content-inner\"><hr \/>\n<div id=\"metaslider-id-1578\" style=\"width: 100%; margin: 0 auto;\" class=\"ml-slider-3-107-0 ml-slider-pro-2-7-1 metaslider metaslider-flex metaslider-1578 ml-slider has-carousel-mode ml-slider-lightbox-2-22-0 gallery foobox-image-lightbox-2-7-41 effect0 ms-theme-_theme_1506939859 nav-hidden\" role=\"region\" aria-label=\"Antica\" data-height=\"500\" data-width=\"300\">\n    <div id=\"metaslider_container_1578\">\n        <div id=\"metaslider_1578\" class=\"flexslider\">\n            <ul class='slides'>\n                <li style=\"display: none; width: 100%;\" class=\"slide-1923 ms-image \" aria-roledescription=\"slide\" data-date=\"2019-03-11 17:04:14\" data-filename=\"IMG_8611-300x500.jpg\" data-slide-type=\"image\"><a href=\"http:\/\/www.duventdanslesvoiles.be\/wp-content\/uploads\/2019\/03\/IMG_8611.jpg\" data-src=\"http:\/\/www.duventdanslesvoiles.be\/wp-content\/uploads\/2019\/03\/IMG_8611.jpg\" data-thumb=\"http:\/\/www.duventdanslesvoiles.be\/wp-content\/uploads\/2019\/03\/IMG_8611-300x500.jpg\" class=\"ml-lightbox-enabled\"><img loading=\"lazy\" decoding=\"async\" src=\"http:\/\/www.duventdanslesvoiles.be\/wp-content\/uploads\/2019\/03\/IMG_8611-300x500.jpg\" height=\"500\" width=\"300\" alt=\"\" class=\"slider-1578 slide-1923 msDefaultImage\" title=\"IMG_8611\" \/><\/a><\/li>\n                <li style=\"display: none; width: 100%;\" class=\"slide-1924 ms-image \" aria-roledescription=\"slide\" data-date=\"2019-03-11 17:04:14\" data-filename=\"IMG_8617-300x500.jpg\" data-slide-type=\"image\"><a href=\"http:\/\/www.duventdanslesvoiles.be\/wp-content\/uploads\/2019\/03\/IMG_8617.jpg\" data-src=\"http:\/\/www.duventdanslesvoiles.be\/wp-content\/uploads\/2019\/03\/IMG_8617.jpg\" data-thumb=\"http:\/\/www.duventdanslesvoiles.be\/wp-content\/uploads\/2019\/03\/IMG_8617-300x500.jpg\" class=\"ml-lightbox-enabled\"><img loading=\"lazy\" decoding=\"async\" src=\"http:\/\/www.duventdanslesvoiles.be\/wp-content\/uploads\/2019\/03\/IMG_8617-300x500.jpg\" height=\"500\" width=\"300\" alt=\"\" class=\"slider-1578 slide-1924 msDefaultImage\" title=\"IMG_8617\" \/><\/a><\/li>\n                <li style=\"display: none; width: 100%;\" class=\"slide-1925 ms-image \" aria-roledescription=\"slide\" data-date=\"2019-03-11 17:04:14\" data-filename=\"IMG_8616-300x500.jpg\" data-slide-type=\"image\"><a href=\"http:\/\/www.duventdanslesvoiles.be\/wp-content\/uploads\/2019\/03\/IMG_8616.jpg\" data-src=\"http:\/\/www.duventdanslesvoiles.be\/wp-content\/uploads\/2019\/03\/IMG_8616.jpg\" data-thumb=\"http:\/\/www.duventdanslesvoiles.be\/wp-content\/uploads\/2019\/03\/IMG_8616-300x500.jpg\" class=\"ml-lightbox-enabled\"><img loading=\"lazy\" decoding=\"async\" src=\"http:\/\/www.duventdanslesvoiles.be\/wp-content\/uploads\/2019\/03\/IMG_8616-300x500.jpg\" height=\"500\" width=\"300\" alt=\"\" class=\"slider-1578 slide-1925 msDefaultImage\" title=\"IMG_8616\" \/><\/a><\/li>\n            <\/ul>\n        <\/div>\n        \n    <\/div>\n<\/div>\n<hr \/>\n<p><span style=\"font-size: 1rem;\">Au cours des ann\u00e9es 1960, lorsque \u00abHippie Look\u00bb prenait le monde, \u00abModa Positano\u00bb est n\u00e9e dans un coin ensoleill\u00e9 et paradisiaque d'Italie. \u00c0 cette \u00e9poque, les gens venant de la ville ne s'attendaient pas \u00e0 un climat aussi doux, donc ils n'avaient g\u00e9n\u00e9ralement pas le bon v\u00eatement \u00e0 porter. Les visiteurs ont parcouru les nombreux magasins de souvenirs de la ville baln\u00e9aire en demandant des enveloppements de pareo, des shorts, des maillots de bain et d'autres articles de plage. Tr\u00e8s peu d'options \u00e9taient disponibles.<\/span><\/p>\n<p>En r\u00e9ponse, les commer\u00e7ants originaux de Positano ont commenc\u00e9 \u00e0 concevoir et \u00e0 produire une nouvelle mode en utilisant du linge, des serviettes brod\u00e9es \u00e0 la main et des draps de kits de mariage traditionnels, qui ont \u00e9t\u00e9 finis avec des bobines \u00e9l\u00e9gamment crochet\u00e9es et d'autres applications. Ce nouveau style de v\u00eatements a connu un grand succ\u00e8s car il \u00e9tait tr\u00e8s diff\u00e9rent de l'usure traditionnelle de la ville. Les entrepreneurs tels que Benetton et Fiorucci, g\u00e9n\u00e9ralement en vacances \u00e0 Positano, ont montr\u00e9 aux designers locaux comment utiliser des colorants refl\u00e9tant la beaut\u00e9 naturelle de la zone c\u00f4ti\u00e8re, ce qui a ajout\u00e9 un attrait croissant pour les touristes.<\/p>\n<p>Le designer Giacomo Cinque a commenc\u00e9 \u00e0 cr\u00e9er des mod\u00e8les uniques pour exprimer son amour pour l'art de la broderie. Avec Riccardo Ruggiti, premier marchand d'antiquit\u00e9s de Positano, ces deux visionnaires ont lanc\u00e9 les deux boutiques d'Antica Sartoria dans le centre-ville et la plage. Maintenant, leur port\u00e9e s'est \u00e9tendue \u00e0 beaucoup plus de villes italiennes telles que Rome, Venise et Florence.<\/p>\n<p>En octobre 2016, en raison de la demande internationale de la ligne populaire de v\u00eatements, Antica Sartoria arrive enfin aux \u00c9tats-Unis. Palm Beach, comme Positano, est connue comme une premi\u00e8re destination pour les visiteurs - et les r\u00e9sidents - \u00e0 la recherche de luxe et de style distinctif. Palm Beach est pr\u00eate \u00e0 pr\u00e9server l'esprit et l'expression de cette mode \"Positanaise\" tr\u00e8s originale. Antica Sartoria ouvre maintenant au Downtown at the Gardens!<\/p>\n<\/div><\/div>","protected":false},"excerpt":{"rendered":"<p>Au cours des ann\u00e9es 1960, lorsque \u00abHippie Look\u00bb prenait le monde, \u00abModa Positano\u00bb est n\u00e9e dans un coin ensoleill\u00e9 et paradisiaque d'Italie. \u00c0 cette \u00e9poque, les gens venant de la ville ne s'attendaient pas \u00e0 un climat aussi doux, donc ils n'avaient g\u00e9n\u00e9ralement pas le bon v\u00eatement \u00e0 porter. Les visiteurs ont parcouru les nombreux &hellip; <\/p>\n<p class=\"link-more\"><a href=\"http:\/\/www.duventdanslesvoiles.be\/index.php\/antica-sartoria-fr\/\" class=\"more-link\">Continue reading<span class=\"screen-reader-text\"> \"Antica Sartoria\"<\/span><\/a><\/p>\n","protected":false},"author":1,"featured_media":684,"parent":0,"menu_order":0,"comment_status":"closed","ping_status":"closed","template":"","meta":{"footnotes":""},"categories":[],"tags":[],"class_list":["post-683","page","type-page","status-publish","has-post-thumbnail","hentry"],"yoast_head":"<!-- This site is optimized with the Yoast SEO plugin v27.4 - https:\/\/yoast.com\/product\/yoast-seo-wordpress\/ -->\n<title>Antica Sartoria - Du vent dans les voiles<\/title>\n<meta name=\"description\" content=\"En octobre 2016, en raison de la demande internationale de la ligne populaire de v\u00eatements, Antica Sartoria arrive enfin aux \u00c9tats-Unis.\" \/>\n<meta name=\"robots\" content=\"index, follow, max-snippet:-1, max-image-preview:large, max-video-preview:-1\" \/>\n<link rel=\"canonical\" href=\"http:\/\/www.duventdanslesvoiles.be\/index.php\/antica-sartoria-fr\/\" \/>\n<meta property=\"og:locale\" content=\"en_US\" \/>\n<meta property=\"og:type\" content=\"article\" \/>\n<meta property=\"og:title\" content=\"Antica Sartoria - Du vent dans les voiles\" \/>\n<meta property=\"og:description\" content=\"En octobre 2016, en raison de la demande internationale de la ligne populaire de v\u00eatements, Antica Sartoria arrive enfin aux \u00c9tats-Unis.\" \/>\n<meta property=\"og:url\" content=\"http:\/\/www.duventdanslesvoiles.be\/index.php\/antica-sartoria-fr\/\" \/>\n<meta property=\"og:site_name\" content=\"Du vent dans les voiles\" \/>\n<meta property=\"article:modified_time\" content=\"2018-04-09T16:01:33+00:00\" \/>\n<meta property=\"og:image\" content=\"http:\/\/www.duventdanslesvoiles.be\/wp-content\/uploads\/2017\/09\/logo-antica-santoria.jpg\" \/>\n\t<meta property=\"og:image:width\" content=\"600\" \/>\n\t<meta property=\"og:image:height\" content=\"200\" \/>\n\t<meta property=\"og:image:type\" content=\"image\/jpeg\" \/>\n<meta name=\"twitter:card\" content=\"summary_large_image\" \/>\n<meta name=\"twitter:label1\" content=\"Est. reading time\" \/>\n\t<meta name=\"twitter:data1\" content=\"2 minutes\" \/>\n<script type=\"application\/ld+json\" class=\"yoast-schema-graph\">{\"@context\":\"https:\\\/\\\/schema.org\",\"@graph\":[{\"@type\":\"WebPage\",\"@id\":\"http:\\\/\\\/www.duventdanslesvoiles.be\\\/index.php\\\/antica-sartoria-fr\\\/\",\"url\":\"http:\\\/\\\/www.duventdanslesvoiles.be\\\/index.php\\\/antica-sartoria-fr\\\/\",\"name\":\"Antica Sartoria - Du vent dans les voiles\",\"isPartOf\":{\"@id\":\"http:\\\/\\\/www.duventdanslesvoiles.be\\\/#website\"},\"primaryImageOfPage\":{\"@id\":\"http:\\\/\\\/www.duventdanslesvoiles.be\\\/index.php\\\/antica-sartoria-fr\\\/#primaryimage\"},\"image\":{\"@id\":\"http:\\\/\\\/www.duventdanslesvoiles.be\\\/index.php\\\/antica-sartoria-fr\\\/#primaryimage\"},\"thumbnailUrl\":\"http:\\\/\\\/www.duventdanslesvoiles.be\\\/wp-content\\\/uploads\\\/2017\\\/09\\\/logo-antica-santoria.jpg\",\"datePublished\":\"2017-09-07T23:48:06+00:00\",\"dateModified\":\"2018-04-09T16:01:33+00:00\",\"description\":\"En octobre 2016, en raison de la demande internationale de la ligne populaire de v\u00eatements, Antica Sartoria arrive enfin aux \u00c9tats-Unis.\",\"breadcrumb\":{\"@id\":\"http:\\\/\\\/www.duventdanslesvoiles.be\\\/index.php\\\/antica-sartoria-fr\\\/#breadcrumb\"},\"inLanguage\":\"en-US\",\"potentialAction\":[{\"@type\":\"ReadAction\",\"target\":[\"http:\\\/\\\/www.duventdanslesvoiles.be\\\/index.php\\\/antica-sartoria-fr\\\/\"]}]},{\"@type\":\"ImageObject\",\"inLanguage\":\"en-US\",\"@id\":\"http:\\\/\\\/www.duventdanslesvoiles.be\\\/index.php\\\/antica-sartoria-fr\\\/#primaryimage\",\"url\":\"http:\\\/\\\/www.duventdanslesvoiles.be\\\/wp-content\\\/uploads\\\/2017\\\/09\\\/logo-antica-santoria.jpg\",\"contentUrl\":\"http:\\\/\\\/www.duventdanslesvoiles.be\\\/wp-content\\\/uploads\\\/2017\\\/09\\\/logo-antica-santoria.jpg\",\"width\":600,\"height\":200,\"caption\":\"Logo Antica Santoria\"},{\"@type\":\"BreadcrumbList\",\"@id\":\"http:\\\/\\\/www.duventdanslesvoiles.be\\\/index.php\\\/antica-sartoria-fr\\\/#breadcrumb\",\"itemListElement\":[{\"@type\":\"ListItem\",\"position\":1,\"name\":\"Home\",\"item\":\"http:\\\/\\\/www.duventdanslesvoiles.be\\\/\"},{\"@type\":\"ListItem\",\"position\":2,\"name\":\"Antica Sartoria\"}]},{\"@type\":\"WebSite\",\"@id\":\"http:\\\/\\\/www.duventdanslesvoiles.be\\\/#website\",\"url\":\"http:\\\/\\\/www.duventdanslesvoiles.be\\\/\",\"name\":\"Du vent dans les voiles\",\"description\":\"\",\"publisher\":{\"@id\":\"http:\\\/\\\/www.duventdanslesvoiles.be\\\/#organization\"},\"potentialAction\":[{\"@type\":\"SearchAction\",\"target\":{\"@type\":\"EntryPoint\",\"urlTemplate\":\"http:\\\/\\\/www.duventdanslesvoiles.be\\\/?s={search_term_string}\"},\"query-input\":{\"@type\":\"PropertyValueSpecification\",\"valueRequired\":true,\"valueName\":\"search_term_string\"}}],\"inLanguage\":\"en-US\"},{\"@type\":\"Organization\",\"@id\":\"http:\\\/\\\/www.duventdanslesvoiles.be\\\/#organization\",\"name\":\"Du Vent Dans Les Voiles\",\"url\":\"http:\\\/\\\/www.duventdanslesvoiles.be\\\/\",\"logo\":{\"@type\":\"ImageObject\",\"inLanguage\":\"en-US\",\"@id\":\"http:\\\/\\\/www.duventdanslesvoiles.be\\\/#\\\/schema\\\/logo\\\/image\\\/\",\"url\":\"http:\\\/\\\/www.duventdanslesvoiles.be\\\/wp-content\\\/uploads\\\/2017\\\/09\\\/logo-du-vent-dans-les-voiles-sept-20-2017-final-2.png\",\"contentUrl\":\"http:\\\/\\\/www.duventdanslesvoiles.be\\\/wp-content\\\/uploads\\\/2017\\\/09\\\/logo-du-vent-dans-les-voiles-sept-20-2017-final-2.png\",\"width\":250,\"height\":250,\"caption\":\"Du Vent Dans Les Voiles\"},\"image\":{\"@id\":\"http:\\\/\\\/www.duventdanslesvoiles.be\\\/#\\\/schema\\\/logo\\\/image\\\/\"}}]}<\/script>\n<!-- \/ Yoast SEO plugin. -->","yoast_head_json":{"title":"Antica Sartoria - Du vent dans les voiles","description":"En octobre 2016, en raison de la demande internationale de la ligne populaire de v\u00eatements, Antica Sartoria arrive enfin aux \u00c9tats-Unis.","robots":{"index":"index","follow":"follow","max-snippet":"max-snippet:-1","max-image-preview":"max-image-preview:large","max-video-preview":"max-video-preview:-1"},"canonical":"http:\/\/www.duventdanslesvoiles.be\/index.php\/antica-sartoria-fr\/","og_locale":"en_US","og_type":"article","og_title":"Antica Sartoria - Du vent dans les voiles","og_description":"En octobre 2016, en raison de la demande internationale de la ligne populaire de v\u00eatements, Antica Sartoria arrive enfin aux \u00c9tats-Unis.","og_url":"http:\/\/www.duventdanslesvoiles.be\/index.php\/antica-sartoria-fr\/","og_site_name":"Du vent dans les voiles","article_modified_time":"2018-04-09T16:01:33+00:00","og_image":[{"width":600,"height":200,"url":"http:\/\/www.duventdanslesvoiles.be\/wp-content\/uploads\/2017\/09\/logo-antica-santoria.jpg","type":"image\/jpeg"}],"twitter_card":"summary_large_image","twitter_misc":{"Est. reading time":"2 minutes"},"schema":{"@context":"https:\/\/schema.org","@graph":[{"@type":"WebPage","@id":"http:\/\/www.duventdanslesvoiles.be\/index.php\/antica-sartoria-fr\/","url":"http:\/\/www.duventdanslesvoiles.be\/index.php\/antica-sartoria-fr\/","name":"Antica Sartoria - Du vent dans les voiles","isPartOf":{"@id":"http:\/\/www.duventdanslesvoiles.be\/#website"},"primaryImageOfPage":{"@id":"http:\/\/www.duventdanslesvoiles.be\/index.php\/antica-sartoria-fr\/#primaryimage"},"image":{"@id":"http:\/\/www.duventdanslesvoiles.be\/index.php\/antica-sartoria-fr\/#primaryimage"},"thumbnailUrl":"http:\/\/www.duventdanslesvoiles.be\/wp-content\/uploads\/2017\/09\/logo-antica-santoria.jpg","datePublished":"2017-09-07T23:48:06+00:00","dateModified":"2018-04-09T16:01:33+00:00","description":"En octobre 2016, en raison de la demande internationale de la ligne populaire de v\u00eatements, Antica Sartoria arrive enfin aux \u00c9tats-Unis.","breadcrumb":{"@id":"http:\/\/www.duventdanslesvoiles.be\/index.php\/antica-sartoria-fr\/#breadcrumb"},"inLanguage":"en-US","potentialAction":[{"@type":"ReadAction","target":["http:\/\/www.duventdanslesvoiles.be\/index.php\/antica-sartoria-fr\/"]}]},{"@type":"ImageObject","inLanguage":"en-US","@id":"http:\/\/www.duventdanslesvoiles.be\/index.php\/antica-sartoria-fr\/#primaryimage","url":"http:\/\/www.duventdanslesvoiles.be\/wp-content\/uploads\/2017\/09\/logo-antica-santoria.jpg","contentUrl":"http:\/\/www.duventdanslesvoiles.be\/wp-content\/uploads\/2017\/09\/logo-antica-santoria.jpg","width":600,"height":200,"caption":"Logo Antica Santoria"},{"@type":"BreadcrumbList","@id":"http:\/\/www.duventdanslesvoiles.be\/index.php\/antica-sartoria-fr\/#breadcrumb","itemListElement":[{"@type":"ListItem","position":1,"name":"Home","item":"http:\/\/www.duventdanslesvoiles.be\/"},{"@type":"ListItem","position":2,"name":"Antica Sartoria"}]},{"@type":"WebSite","@id":"http:\/\/www.duventdanslesvoiles.be\/#website","url":"http:\/\/www.duventdanslesvoiles.be\/","name":"Du vent dans les voiles","description":"","publisher":{"@id":"http:\/\/www.duventdanslesvoiles.be\/#organization"},"potentialAction":[{"@type":"SearchAction","target":{"@type":"EntryPoint","urlTemplate":"http:\/\/www.duventdanslesvoiles.be\/?s={search_term_string}"},"query-input":{"@type":"PropertyValueSpecification","valueRequired":true,"valueName":"search_term_string"}}],"inLanguage":"en-US"},{"@type":"Organization","@id":"http:\/\/www.duventdanslesvoiles.be\/#organization","name":"Du Vent Dans Les Voiles","url":"http:\/\/www.duventdanslesvoiles.be\/","logo":{"@type":"ImageObject","inLanguage":"en-US","@id":"http:\/\/www.duventdanslesvoiles.be\/#\/schema\/logo\/image\/","url":"http:\/\/www.duventdanslesvoiles.be\/wp-content\/uploads\/2017\/09\/logo-du-vent-dans-les-voiles-sept-20-2017-final-2.png","contentUrl":"http:\/\/www.duventdanslesvoiles.be\/wp-content\/uploads\/2017\/09\/logo-du-vent-dans-les-voiles-sept-20-2017-final-2.png","width":250,"height":250,"caption":"Du Vent Dans Les Voiles"},"image":{"@id":"http:\/\/www.duventdanslesvoiles.be\/#\/schema\/logo\/image\/"}}]}},"_links":{"self":[{"href":"http:\/\/www.duventdanslesvoiles.be\/index.php\/wp-json\/wp\/v2\/pages\/683","targetHints":{"allow":["GET"]}}],"collection":[{"href":"http:\/\/www.duventdanslesvoiles.be\/index.php\/wp-json\/wp\/v2\/pages"}],"about":[{"href":"http:\/\/www.duventdanslesvoiles.be\/index.php\/wp-json\/wp\/v2\/types\/page"}],"author":[{"embeddable":true,"href":"http:\/\/www.duventdanslesvoiles.be\/index.php\/wp-json\/wp\/v2\/users\/1"}],"replies":[{"embeddable":true,"href":"http:\/\/www.duventdanslesvoiles.be\/index.php\/wp-json\/wp\/v2\/comments?post=683"}],"version-history":[{"count":3,"href":"http:\/\/www.duventdanslesvoiles.be\/index.php\/wp-json\/wp\/v2\/pages\/683\/revisions"}],"predecessor-version":[{"id":1663,"href":"http:\/\/www.duventdanslesvoiles.be\/index.php\/wp-json\/wp\/v2\/pages\/683\/revisions\/1663"}],"wp:featuredmedia":[{"embeddable":true,"href":"http:\/\/www.duventdanslesvoiles.be\/index.php\/wp-json\/wp\/v2\/media\/684"}],"wp:attachment":[{"href":"http:\/\/www.duventdanslesvoiles.be\/index.php\/wp-json\/wp\/v2\/media?parent=683"}],"wp:term":[{"taxonomy":"category","embeddable":true,"href":"http:\/\/www.duventdanslesvoiles.be\/index.php\/wp-json\/wp\/v2\/categories?post=683"},{"taxonomy":"post_tag","embeddable":true,"href":"http:\/\/www.duventdanslesvoiles.be\/index.php\/wp-json\/wp\/v2\/tags?post=683"}],"curies":[{"name":"wp","href":"https:\/\/api.w.org\/{rel}","templated":true}]}}