{"id":584,"date":"2017-09-07T20:58:46","date_gmt":"2017-09-07T18:58:46","guid":{"rendered":"http:\/\/wp.duventdanslesvoiles.be\/?page_id=584"},"modified":"2025-08-27T16:37:00","modified_gmt":"2025-08-27T14:37:00","slug":"creenstone-fr","status":"publish","type":"page","link":"http:\/\/www.duventdanslesvoiles.be\/index.php\/creenstone-fr\/","title":{"rendered":"Tant\u00e4 FR"},"content":{"rendered":"<div id=\"dslc-theme-content\"><div id=\"dslc-theme-content-inner\"><hr>\n<div id=\"metaslider-id-935\" style=\"width: 100%; margin: 0 auto;\" class=\"ml-slider-3-108-0 ml-slider-pro-2-7-1 metaslider metaslider-flex metaslider-935 ml-slider has-carousel-mode ml-slider-lightbox-2-22-0 gallery foobox-image-lightbox-2-7-41 effect0 ms-theme-_theme_1506939859 nav-hidden\" role=\"region\" aria-label=\"Tant\u00e4\" data-height=\"500\" data-width=\"300\">\n    <div id=\"metaslider_container_935\">\n        <div id=\"metaslider_935\" class=\"flexslider\">\n            <ul class='slides'>\n                <li style=\"display: none; width: 100%;\" class=\"slide-3529 ms-image \" aria-roledescription=\"slide\" data-date=\"2025-08-27 16:32:01\" data-filename=\"Screenshot-2025-08-27-at-14.55.28-300x500.png\" data-slide-type=\"image\"><a href=\"http:\/\/www.duventdanslesvoiles.be\/wp-content\/uploads\/2025\/08\/Screenshot-2025-08-27-at-14.55.28.png\" data-src=\"http:\/\/www.duventdanslesvoiles.be\/wp-content\/uploads\/2025\/08\/Screenshot-2025-08-27-at-14.55.28.png\" data-thumb=\"http:\/\/www.duventdanslesvoiles.be\/wp-content\/uploads\/2025\/08\/Screenshot-2025-08-27-at-14.55.28-300x500.png\" class=\"ml-lightbox-enabled\"><img loading=\"lazy\" decoding=\"async\" src=\"http:\/\/www.duventdanslesvoiles.be\/wp-content\/uploads\/2025\/08\/Screenshot-2025-08-27-at-14.55.28-300x500.png\" height=\"500\" width=\"300\" alt=\"\" class=\"slider-935 slide-3529 msDefaultImage\" title=\"Screenshot 2025-08-27 at 14.55.28\" \/><\/a><\/li>\n                <li style=\"display: none; width: 100%;\" class=\"slide-3530 ms-image \" aria-roledescription=\"slide\" data-date=\"2025-08-27 16:32:01\" data-filename=\"Screenshot-2025-08-27-at-14.58.15-300x500.png\" data-slide-type=\"image\"><a href=\"http:\/\/www.duventdanslesvoiles.be\/wp-content\/uploads\/2025\/08\/Screenshot-2025-08-27-at-14.58.15.png\" data-src=\"http:\/\/www.duventdanslesvoiles.be\/wp-content\/uploads\/2025\/08\/Screenshot-2025-08-27-at-14.58.15.png\" data-thumb=\"http:\/\/www.duventdanslesvoiles.be\/wp-content\/uploads\/2025\/08\/Screenshot-2025-08-27-at-14.58.15-300x500.png\" class=\"ml-lightbox-enabled\"><img loading=\"lazy\" decoding=\"async\" src=\"http:\/\/www.duventdanslesvoiles.be\/wp-content\/uploads\/2025\/08\/Screenshot-2025-08-27-at-14.58.15-300x500.png\" height=\"500\" width=\"300\" alt=\"\" class=\"slider-935 slide-3530 msDefaultImage\" title=\"Screenshot 2025-08-27 at 14.58.15\" \/><\/a><\/li>\n                <li style=\"display: none; width: 100%;\" class=\"slide-3531 ms-image \" aria-roledescription=\"slide\" data-date=\"2025-08-27 16:32:01\" data-filename=\"Screenshot-2025-08-27-at-14.51.37-300x500.png\" data-slide-type=\"image\"><a href=\"http:\/\/www.duventdanslesvoiles.be\/wp-content\/uploads\/2025\/08\/Screenshot-2025-08-27-at-14.51.37.png\" data-src=\"http:\/\/www.duventdanslesvoiles.be\/wp-content\/uploads\/2025\/08\/Screenshot-2025-08-27-at-14.51.37.png\" data-thumb=\"http:\/\/www.duventdanslesvoiles.be\/wp-content\/uploads\/2025\/08\/Screenshot-2025-08-27-at-14.51.37-300x500.png\" class=\"ml-lightbox-enabled\"><img loading=\"lazy\" decoding=\"async\" src=\"http:\/\/www.duventdanslesvoiles.be\/wp-content\/uploads\/2025\/08\/Screenshot-2025-08-27-at-14.51.37-300x500.png\" height=\"500\" width=\"300\" alt=\"\" class=\"slider-935 slide-3531 msDefaultImage\" title=\"Screenshot 2025-08-27 at 14.51.37\" \/><\/a><\/li>\n                <li style=\"display: none; width: 100%;\" class=\"slide-3532 ms-image \" aria-roledescription=\"slide\" data-date=\"2025-08-27 16:32:01\" data-filename=\"Screenshot-2025-08-27-at-15.05.49-300x500.png\" data-slide-type=\"image\"><a href=\"http:\/\/www.duventdanslesvoiles.be\/wp-content\/uploads\/2025\/08\/Screenshot-2025-08-27-at-15.05.49.png\" data-src=\"http:\/\/www.duventdanslesvoiles.be\/wp-content\/uploads\/2025\/08\/Screenshot-2025-08-27-at-15.05.49.png\" data-thumb=\"http:\/\/www.duventdanslesvoiles.be\/wp-content\/uploads\/2025\/08\/Screenshot-2025-08-27-at-15.05.49-300x500.png\" class=\"ml-lightbox-enabled\"><img loading=\"lazy\" decoding=\"async\" src=\"http:\/\/www.duventdanslesvoiles.be\/wp-content\/uploads\/2025\/08\/Screenshot-2025-08-27-at-15.05.49-300x500.png\" height=\"500\" width=\"300\" alt=\"\" class=\"slider-935 slide-3532 msDefaultImage\" title=\"Screenshot 2025-08-27 at 15.05.49\" \/><\/a><\/li>\n                <li style=\"display: none; width: 100%;\" class=\"slide-3533 ms-image \" aria-roledescription=\"slide\" data-date=\"2025-08-27 16:32:01\" data-filename=\"Screenshot-2025-08-27-at-14.56.07-300x500.png\" data-slide-type=\"image\"><a href=\"http:\/\/www.duventdanslesvoiles.be\/wp-content\/uploads\/2025\/08\/Screenshot-2025-08-27-at-14.56.07.png\" data-src=\"http:\/\/www.duventdanslesvoiles.be\/wp-content\/uploads\/2025\/08\/Screenshot-2025-08-27-at-14.56.07.png\" data-thumb=\"http:\/\/www.duventdanslesvoiles.be\/wp-content\/uploads\/2025\/08\/Screenshot-2025-08-27-at-14.56.07-300x500.png\" class=\"ml-lightbox-enabled\"><img loading=\"lazy\" decoding=\"async\" src=\"http:\/\/www.duventdanslesvoiles.be\/wp-content\/uploads\/2025\/08\/Screenshot-2025-08-27-at-14.56.07-300x500.png\" height=\"500\" width=\"300\" alt=\"\" class=\"slider-935 slide-3533 msDefaultImage\" title=\"Screenshot 2025-08-27 at 14.56.07\" \/><\/a><\/li>\n                <li style=\"display: none; width: 100%;\" class=\"slide-3534 ms-image \" aria-roledescription=\"slide\" data-date=\"2025-08-27 16:32:01\" data-filename=\"Screenshot-2025-08-27-at-15.06.36-300x500.png\" data-slide-type=\"image\"><a href=\"http:\/\/www.duventdanslesvoiles.be\/wp-content\/uploads\/2025\/08\/Screenshot-2025-08-27-at-15.06.36.png\" data-src=\"http:\/\/www.duventdanslesvoiles.be\/wp-content\/uploads\/2025\/08\/Screenshot-2025-08-27-at-15.06.36.png\" data-thumb=\"http:\/\/www.duventdanslesvoiles.be\/wp-content\/uploads\/2025\/08\/Screenshot-2025-08-27-at-15.06.36-300x500.png\" class=\"ml-lightbox-enabled\"><img loading=\"lazy\" decoding=\"async\" src=\"http:\/\/www.duventdanslesvoiles.be\/wp-content\/uploads\/2025\/08\/Screenshot-2025-08-27-at-15.06.36-300x500.png\" height=\"500\" width=\"300\" alt=\"\" class=\"slider-935 slide-3534 msDefaultImage\" title=\"Screenshot 2025-08-27 at 15.06.36\" \/><\/a><\/li>\n                <li style=\"display: none; width: 100%;\" class=\"slide-3535 ms-image \" aria-roledescription=\"slide\" data-date=\"2025-08-27 16:32:01\" data-filename=\"Screenshot-2025-08-27-at-15.01.58-300x500.png\" data-slide-type=\"image\"><a href=\"http:\/\/www.duventdanslesvoiles.be\/wp-content\/uploads\/2025\/08\/Screenshot-2025-08-27-at-15.01.58.png\" data-src=\"http:\/\/www.duventdanslesvoiles.be\/wp-content\/uploads\/2025\/08\/Screenshot-2025-08-27-at-15.01.58.png\" data-thumb=\"http:\/\/www.duventdanslesvoiles.be\/wp-content\/uploads\/2025\/08\/Screenshot-2025-08-27-at-15.01.58-300x500.png\" class=\"ml-lightbox-enabled\"><img loading=\"lazy\" decoding=\"async\" src=\"http:\/\/www.duventdanslesvoiles.be\/wp-content\/uploads\/2025\/08\/Screenshot-2025-08-27-at-15.01.58-300x500.png\" height=\"500\" width=\"300\" alt=\"\" class=\"slider-935 slide-3535 msDefaultImage\" title=\"Screenshot 2025-08-27 at 15.01.58\" \/><\/a><\/li>\n                <li style=\"display: none; width: 100%;\" class=\"slide-3536 ms-image \" aria-roledescription=\"slide\" data-date=\"2025-08-27 16:32:01\" data-filename=\"Screenshot-2025-08-27-at-15.02.05-300x500.png\" data-slide-type=\"image\"><a href=\"http:\/\/www.duventdanslesvoiles.be\/wp-content\/uploads\/2025\/08\/Screenshot-2025-08-27-at-15.02.05.png\" data-src=\"http:\/\/www.duventdanslesvoiles.be\/wp-content\/uploads\/2025\/08\/Screenshot-2025-08-27-at-15.02.05.png\" data-thumb=\"http:\/\/www.duventdanslesvoiles.be\/wp-content\/uploads\/2025\/08\/Screenshot-2025-08-27-at-15.02.05-300x500.png\" class=\"ml-lightbox-enabled\"><img loading=\"lazy\" decoding=\"async\" src=\"http:\/\/www.duventdanslesvoiles.be\/wp-content\/uploads\/2025\/08\/Screenshot-2025-08-27-at-15.02.05-300x500.png\" height=\"500\" width=\"300\" alt=\"\" class=\"slider-935 slide-3536 msDefaultImage\" title=\"Screenshot 2025-08-27 at 15.02.05\" \/><\/a><\/li>\n            <\/ul>\n        <\/div>\n        \n    <\/div>\n<\/div>\n<p><\/p>\n\n\n<p><\/p>\n<\/div><\/div>","protected":false},"excerpt":{"rendered":"","protected":false},"author":1,"featured_media":3539,"parent":0,"menu_order":0,"comment_status":"closed","ping_status":"closed","template":"","meta":{"footnotes":""},"categories":[],"tags":[],"class_list":["post-584","page","type-page","status-publish","has-post-thumbnail","hentry"],"yoast_head":"<!-- This site is optimized with the Yoast SEO plugin v27.4 - https:\/\/yoast.com\/product\/yoast-seo-wordpress\/ -->\n<title>Tant\u00e4 FR - Du vent dans les voiles<\/title>\n<meta name=\"description\" content=\"Les conceptions originales de KOOI-KNIT trouvent de plus en plus de fans, et Kornel et son \u00e9quipe cr\u00e9ative savent que le meilleur est \u00e0 venir.\" \/>\n<meta name=\"robots\" content=\"index, follow, max-snippet:-1, max-image-preview:large, max-video-preview:-1\" \/>\n<link rel=\"canonical\" href=\"http:\/\/www.duventdanslesvoiles.be\/index.php\/creenstone-fr\/\" \/>\n<meta property=\"og:locale\" content=\"en_US\" \/>\n<meta property=\"og:type\" content=\"article\" \/>\n<meta property=\"og:title\" content=\"Tant\u00e4 FR - Du vent dans les voiles\" \/>\n<meta property=\"og:description\" content=\"Les conceptions originales de KOOI-KNIT trouvent de plus en plus de fans, et Kornel et son \u00e9quipe cr\u00e9ative savent que le meilleur est \u00e0 venir.\" \/>\n<meta property=\"og:url\" content=\"http:\/\/www.duventdanslesvoiles.be\/index.php\/creenstone-fr\/\" \/>\n<meta property=\"og:site_name\" content=\"Du vent dans les voiles\" \/>\n<meta property=\"article:modified_time\" content=\"2025-08-27T14:37:00+00:00\" \/>\n<meta property=\"og:image\" content=\"https:\/\/www.duventdanslesvoiles.be\/wp-content\/uploads\/2025\/08\/Screenshot-2025-08-27-at-16.36.49.png\" \/>\n\t<meta property=\"og:image:width\" content=\"790\" \/>\n\t<meta property=\"og:image:height\" content=\"396\" \/>\n\t<meta property=\"og:image:type\" content=\"image\/png\" \/>\n<meta name=\"twitter:card\" content=\"summary_large_image\" \/>\n<meta name=\"twitter:label1\" content=\"Est. reading time\" \/>\n\t<meta name=\"twitter:data1\" content=\"1 minute\" \/>\n<script type=\"application\/ld+json\" class=\"yoast-schema-graph\">{\"@context\":\"https:\\\/\\\/schema.org\",\"@graph\":[{\"@type\":\"WebPage\",\"@id\":\"http:\\\/\\\/www.duventdanslesvoiles.be\\\/index.php\\\/creenstone-fr\\\/\",\"url\":\"http:\\\/\\\/www.duventdanslesvoiles.be\\\/index.php\\\/creenstone-fr\\\/\",\"name\":\"Tant\u00e4 FR - Du vent dans les voiles\",\"isPartOf\":{\"@id\":\"http:\\\/\\\/www.duventdanslesvoiles.be\\\/#website\"},\"primaryImageOfPage\":{\"@id\":\"http:\\\/\\\/www.duventdanslesvoiles.be\\\/index.php\\\/creenstone-fr\\\/#primaryimage\"},\"image\":{\"@id\":\"http:\\\/\\\/www.duventdanslesvoiles.be\\\/index.php\\\/creenstone-fr\\\/#primaryimage\"},\"thumbnailUrl\":\"http:\\\/\\\/www.duventdanslesvoiles.be\\\/wp-content\\\/uploads\\\/2025\\\/08\\\/Screenshot-2025-08-27-at-16.36.49.png\",\"datePublished\":\"2017-09-07T18:58:46+00:00\",\"dateModified\":\"2025-08-27T14:37:00+00:00\",\"description\":\"Les conceptions originales de KOOI-KNIT trouvent de plus en plus de fans, et Kornel et son \u00e9quipe cr\u00e9ative savent que le meilleur est \u00e0 venir.\",\"breadcrumb\":{\"@id\":\"http:\\\/\\\/www.duventdanslesvoiles.be\\\/index.php\\\/creenstone-fr\\\/#breadcrumb\"},\"inLanguage\":\"en-US\",\"potentialAction\":[{\"@type\":\"ReadAction\",\"target\":[\"http:\\\/\\\/www.duventdanslesvoiles.be\\\/index.php\\\/creenstone-fr\\\/\"]}]},{\"@type\":\"ImageObject\",\"inLanguage\":\"en-US\",\"@id\":\"http:\\\/\\\/www.duventdanslesvoiles.be\\\/index.php\\\/creenstone-fr\\\/#primaryimage\",\"url\":\"http:\\\/\\\/www.duventdanslesvoiles.be\\\/wp-content\\\/uploads\\\/2025\\\/08\\\/Screenshot-2025-08-27-at-16.36.49.png\",\"contentUrl\":\"http:\\\/\\\/www.duventdanslesvoiles.be\\\/wp-content\\\/uploads\\\/2025\\\/08\\\/Screenshot-2025-08-27-at-16.36.49.png\",\"width\":790,\"height\":396},{\"@type\":\"BreadcrumbList\",\"@id\":\"http:\\\/\\\/www.duventdanslesvoiles.be\\\/index.php\\\/creenstone-fr\\\/#breadcrumb\",\"itemListElement\":[{\"@type\":\"ListItem\",\"position\":1,\"name\":\"Home\",\"item\":\"http:\\\/\\\/www.duventdanslesvoiles.be\\\/\"},{\"@type\":\"ListItem\",\"position\":2,\"name\":\"Tant\u00e4 FR\"}]},{\"@type\":\"WebSite\",\"@id\":\"http:\\\/\\\/www.duventdanslesvoiles.be\\\/#website\",\"url\":\"http:\\\/\\\/www.duventdanslesvoiles.be\\\/\",\"name\":\"Du vent dans les voiles\",\"description\":\"\",\"publisher\":{\"@id\":\"http:\\\/\\\/www.duventdanslesvoiles.be\\\/#organization\"},\"potentialAction\":[{\"@type\":\"SearchAction\",\"target\":{\"@type\":\"EntryPoint\",\"urlTemplate\":\"http:\\\/\\\/www.duventdanslesvoiles.be\\\/?s={search_term_string}\"},\"query-input\":{\"@type\":\"PropertyValueSpecification\",\"valueRequired\":true,\"valueName\":\"search_term_string\"}}],\"inLanguage\":\"en-US\"},{\"@type\":\"Organization\",\"@id\":\"http:\\\/\\\/www.duventdanslesvoiles.be\\\/#organization\",\"name\":\"Du Vent Dans Les Voiles\",\"url\":\"http:\\\/\\\/www.duventdanslesvoiles.be\\\/\",\"logo\":{\"@type\":\"ImageObject\",\"inLanguage\":\"en-US\",\"@id\":\"http:\\\/\\\/www.duventdanslesvoiles.be\\\/#\\\/schema\\\/logo\\\/image\\\/\",\"url\":\"http:\\\/\\\/www.duventdanslesvoiles.be\\\/wp-content\\\/uploads\\\/2017\\\/09\\\/logo-du-vent-dans-les-voiles-sept-20-2017-final-2.png\",\"contentUrl\":\"http:\\\/\\\/www.duventdanslesvoiles.be\\\/wp-content\\\/uploads\\\/2017\\\/09\\\/logo-du-vent-dans-les-voiles-sept-20-2017-final-2.png\",\"width\":250,\"height\":250,\"caption\":\"Du Vent Dans Les Voiles\"},\"image\":{\"@id\":\"http:\\\/\\\/www.duventdanslesvoiles.be\\\/#\\\/schema\\\/logo\\\/image\\\/\"}}]}<\/script>\n<!-- \/ Yoast SEO plugin. -->","yoast_head_json":{"title":"Tant\u00e4 FR - Du vent dans les voiles","description":"Les conceptions originales de KOOI-KNIT trouvent de plus en plus de fans, et Kornel et son \u00e9quipe cr\u00e9ative savent que le meilleur est \u00e0 venir.","robots":{"index":"index","follow":"follow","max-snippet":"max-snippet:-1","max-image-preview":"max-image-preview:large","max-video-preview":"max-video-preview:-1"},"canonical":"http:\/\/www.duventdanslesvoiles.be\/index.php\/creenstone-fr\/","og_locale":"en_US","og_type":"article","og_title":"Tant\u00e4 FR - Du vent dans les voiles","og_description":"Les conceptions originales de KOOI-KNIT trouvent de plus en plus de fans, et Kornel et son \u00e9quipe cr\u00e9ative savent que le meilleur est \u00e0 venir.","og_url":"http:\/\/www.duventdanslesvoiles.be\/index.php\/creenstone-fr\/","og_site_name":"Du vent dans les voiles","article_modified_time":"2025-08-27T14:37:00+00:00","og_image":[{"width":790,"height":396,"url":"https:\/\/www.duventdanslesvoiles.be\/wp-content\/uploads\/2025\/08\/Screenshot-2025-08-27-at-16.36.49.png","type":"image\/png"}],"twitter_card":"summary_large_image","twitter_misc":{"Est. reading time":"1 minute"},"schema":{"@context":"https:\/\/schema.org","@graph":[{"@type":"WebPage","@id":"http:\/\/www.duventdanslesvoiles.be\/index.php\/creenstone-fr\/","url":"http:\/\/www.duventdanslesvoiles.be\/index.php\/creenstone-fr\/","name":"Tant\u00e4 FR - Du vent dans les voiles","isPartOf":{"@id":"http:\/\/www.duventdanslesvoiles.be\/#website"},"primaryImageOfPage":{"@id":"http:\/\/www.duventdanslesvoiles.be\/index.php\/creenstone-fr\/#primaryimage"},"image":{"@id":"http:\/\/www.duventdanslesvoiles.be\/index.php\/creenstone-fr\/#primaryimage"},"thumbnailUrl":"http:\/\/www.duventdanslesvoiles.be\/wp-content\/uploads\/2025\/08\/Screenshot-2025-08-27-at-16.36.49.png","datePublished":"2017-09-07T18:58:46+00:00","dateModified":"2025-08-27T14:37:00+00:00","description":"Les conceptions originales de KOOI-KNIT trouvent de plus en plus de fans, et Kornel et son \u00e9quipe cr\u00e9ative savent que le meilleur est \u00e0 venir.","breadcrumb":{"@id":"http:\/\/www.duventdanslesvoiles.be\/index.php\/creenstone-fr\/#breadcrumb"},"inLanguage":"en-US","potentialAction":[{"@type":"ReadAction","target":["http:\/\/www.duventdanslesvoiles.be\/index.php\/creenstone-fr\/"]}]},{"@type":"ImageObject","inLanguage":"en-US","@id":"http:\/\/www.duventdanslesvoiles.be\/index.php\/creenstone-fr\/#primaryimage","url":"http:\/\/www.duventdanslesvoiles.be\/wp-content\/uploads\/2025\/08\/Screenshot-2025-08-27-at-16.36.49.png","contentUrl":"http:\/\/www.duventdanslesvoiles.be\/wp-content\/uploads\/2025\/08\/Screenshot-2025-08-27-at-16.36.49.png","width":790,"height":396},{"@type":"BreadcrumbList","@id":"http:\/\/www.duventdanslesvoiles.be\/index.php\/creenstone-fr\/#breadcrumb","itemListElement":[{"@type":"ListItem","position":1,"name":"Home","item":"http:\/\/www.duventdanslesvoiles.be\/"},{"@type":"ListItem","position":2,"name":"Tant\u00e4 FR"}]},{"@type":"WebSite","@id":"http:\/\/www.duventdanslesvoiles.be\/#website","url":"http:\/\/www.duventdanslesvoiles.be\/","name":"Du vent dans les voiles","description":"","publisher":{"@id":"http:\/\/www.duventdanslesvoiles.be\/#organization"},"potentialAction":[{"@type":"SearchAction","target":{"@type":"EntryPoint","urlTemplate":"http:\/\/www.duventdanslesvoiles.be\/?s={search_term_string}"},"query-input":{"@type":"PropertyValueSpecification","valueRequired":true,"valueName":"search_term_string"}}],"inLanguage":"en-US"},{"@type":"Organization","@id":"http:\/\/www.duventdanslesvoiles.be\/#organization","name":"Du Vent Dans Les Voiles","url":"http:\/\/www.duventdanslesvoiles.be\/","logo":{"@type":"ImageObject","inLanguage":"en-US","@id":"http:\/\/www.duventdanslesvoiles.be\/#\/schema\/logo\/image\/","url":"http:\/\/www.duventdanslesvoiles.be\/wp-content\/uploads\/2017\/09\/logo-du-vent-dans-les-voiles-sept-20-2017-final-2.png","contentUrl":"http:\/\/www.duventdanslesvoiles.be\/wp-content\/uploads\/2017\/09\/logo-du-vent-dans-les-voiles-sept-20-2017-final-2.png","width":250,"height":250,"caption":"Du Vent Dans Les Voiles"},"image":{"@id":"http:\/\/www.duventdanslesvoiles.be\/#\/schema\/logo\/image\/"}}]}},"_links":{"self":[{"href":"http:\/\/www.duventdanslesvoiles.be\/index.php\/wp-json\/wp\/v2\/pages\/584","targetHints":{"allow":["GET"]}}],"collection":[{"href":"http:\/\/www.duventdanslesvoiles.be\/index.php\/wp-json\/wp\/v2\/pages"}],"about":[{"href":"http:\/\/www.duventdanslesvoiles.be\/index.php\/wp-json\/wp\/v2\/types\/page"}],"author":[{"embeddable":true,"href":"http:\/\/www.duventdanslesvoiles.be\/index.php\/wp-json\/wp\/v2\/users\/1"}],"replies":[{"embeddable":true,"href":"http:\/\/www.duventdanslesvoiles.be\/index.php\/wp-json\/wp\/v2\/comments?post=584"}],"version-history":[{"count":8,"href":"http:\/\/www.duventdanslesvoiles.be\/index.php\/wp-json\/wp\/v2\/pages\/584\/revisions"}],"predecessor-version":[{"id":3538,"href":"http:\/\/www.duventdanslesvoiles.be\/index.php\/wp-json\/wp\/v2\/pages\/584\/revisions\/3538"}],"wp:featuredmedia":[{"embeddable":true,"href":"http:\/\/www.duventdanslesvoiles.be\/index.php\/wp-json\/wp\/v2\/media\/3539"}],"wp:attachment":[{"href":"http:\/\/www.duventdanslesvoiles.be\/index.php\/wp-json\/wp\/v2\/media?parent=584"}],"wp:term":[{"taxonomy":"category","embeddable":true,"href":"http:\/\/www.duventdanslesvoiles.be\/index.php\/wp-json\/wp\/v2\/categories?post=584"},{"taxonomy":"post_tag","embeddable":true,"href":"http:\/\/www.duventdanslesvoiles.be\/index.php\/wp-json\/wp\/v2\/tags?post=584"}],"curies":[{"name":"wp","href":"https:\/\/api.w.org\/{rel}","templated":true}]}}