{"id":382,"date":"2017-09-04T12:03:07","date_gmt":"2017-09-04T10:03:07","guid":{"rendered":"http:\/\/wp.duventdanslesvoiles.be\/?page_id=382"},"modified":"2025-02-26T17:15:40","modified_gmt":"2025-02-26T16:15:40","slug":"a-propos-de-nous","status":"publish","type":"page","link":"http:\/\/www.duventdanslesvoiles.be\/index.php\/a-propos-de-nous\/","title":{"rendered":"\u00c0 Propos De Nous"},"content":{"rendered":"<div id=\"dslc-theme-content\"><div id=\"dslc-theme-content-inner\"><p>\u00a0<\/p>\n<p><strong style=\"font-size: revert;\">Du Vent dans les Voiles<\/strong><span style=\"font-size: revert;\">, c\u2019est d\u2019abord un nom \u00e9vocateur de voyages, voyage dans un univers de couleurs et de belles mati\u00e8res, de finesse et de bon go\u00fbt.<\/span><\/p>\n<p>Univers que Fran\u00e7oise Cloquet affectionne avec passion, talent et audace. Des collections inspir\u00e9es des tendances mais aux contours ind\u00e9modables, aux couleurs vives et fortes. Une \u00e9motion de bien-\u00eatre et de positivit\u00e9 se d\u00e9gagent des murs de cette boutique.<\/p>\n\n\n<p><\/p>\n<\/div><\/div>","protected":false},"excerpt":{"rendered":"<p>\u00a0 Du Vent dans les Voiles, c\u2019est d\u2019abord un nom \u00e9vocateur de voyages, voyage dans un univers de couleurs et de belles mati\u00e8res, de finesse et de bon go\u00fbt. Univers que Fran\u00e7oise Cloquet affectionne avec passion, talent et audace. Des collections inspir\u00e9es des tendances mais aux contours ind\u00e9modables, aux couleurs vives et fortes. Une \u00e9motion &hellip; <\/p>\n<p class=\"link-more\"><a href=\"http:\/\/www.duventdanslesvoiles.be\/index.php\/a-propos-de-nous\/\" class=\"more-link\">Continue reading<span class=\"screen-reader-text\"> \"\u00c0 Propos De Nous\"<\/span><\/a><\/p>\n","protected":false},"author":1,"featured_media":1153,"parent":0,"menu_order":0,"comment_status":"closed","ping_status":"closed","template":"","meta":{"footnotes":""},"categories":[],"tags":[],"class_list":["post-382","page","type-page","status-publish","has-post-thumbnail","hentry"],"yoast_head":"<!-- This site is optimized with the Yoast SEO plugin v27.4 - https:\/\/yoast.com\/product\/yoast-seo-wordpress\/ -->\n<title>\u00c0 Propos De Nous - Du vent dans les voiles<\/title>\n<meta name=\"description\" content=\"\u00c0 Propos De Nous: Du Vent dans les Voiles, c\u2019est d\u2019abord un nom \u00e9vocateur de voyages, voyage dans un univers de couleurs et de belles mati\u00e8res.\" \/>\n<meta name=\"robots\" content=\"index, follow, max-snippet:-1, max-image-preview:large, max-video-preview:-1\" \/>\n<link rel=\"canonical\" href=\"http:\/\/www.duventdanslesvoiles.be\/index.php\/a-propos-de-nous\/\" \/>\n<meta property=\"og:locale\" content=\"en_US\" \/>\n<meta property=\"og:type\" content=\"article\" \/>\n<meta property=\"og:title\" content=\"\u00c0 Propos De Nous - Du vent dans les voiles\" \/>\n<meta property=\"og:description\" content=\"\u00c0 Propos De Nous: Du Vent dans les Voiles, c\u2019est d\u2019abord un nom \u00e9vocateur de voyages, voyage dans un univers de couleurs et de belles mati\u00e8res.\" \/>\n<meta property=\"og:url\" content=\"http:\/\/www.duventdanslesvoiles.be\/index.php\/a-propos-de-nous\/\" \/>\n<meta property=\"og:site_name\" content=\"Du vent dans les voiles\" \/>\n<meta property=\"article:modified_time\" content=\"2025-02-26T16:15:40+00:00\" \/>\n<meta property=\"og:image\" content=\"http:\/\/www.duventdanslesvoiles.be\/wp-content\/uploads\/2017\/09\/store-front.jpg\" \/>\n\t<meta property=\"og:image:width\" content=\"500\" \/>\n\t<meta property=\"og:image:height\" content=\"382\" \/>\n\t<meta property=\"og:image:type\" content=\"image\/jpeg\" \/>\n<meta name=\"twitter:card\" content=\"summary_large_image\" \/>\n<meta name=\"twitter:label1\" content=\"Est. reading time\" \/>\n\t<meta name=\"twitter:data1\" content=\"1 minute\" \/>\n<script type=\"application\/ld+json\" class=\"yoast-schema-graph\">{\"@context\":\"https:\\\/\\\/schema.org\",\"@graph\":[{\"@type\":\"WebPage\",\"@id\":\"http:\\\/\\\/www.duventdanslesvoiles.be\\\/index.php\\\/a-propos-de-nous\\\/\",\"url\":\"http:\\\/\\\/www.duventdanslesvoiles.be\\\/index.php\\\/a-propos-de-nous\\\/\",\"name\":\"\u00c0 Propos De Nous - Du vent dans les voiles\",\"isPartOf\":{\"@id\":\"http:\\\/\\\/www.duventdanslesvoiles.be\\\/#website\"},\"primaryImageOfPage\":{\"@id\":\"http:\\\/\\\/www.duventdanslesvoiles.be\\\/index.php\\\/a-propos-de-nous\\\/#primaryimage\"},\"image\":{\"@id\":\"http:\\\/\\\/www.duventdanslesvoiles.be\\\/index.php\\\/a-propos-de-nous\\\/#primaryimage\"},\"thumbnailUrl\":\"http:\\\/\\\/www.duventdanslesvoiles.be\\\/wp-content\\\/uploads\\\/2017\\\/09\\\/store-front.jpg\",\"datePublished\":\"2017-09-04T10:03:07+00:00\",\"dateModified\":\"2025-02-26T16:15:40+00:00\",\"description\":\"\u00c0 Propos De Nous: Du Vent dans les Voiles, c\u2019est d\u2019abord un nom \u00e9vocateur de voyages, voyage dans un univers de couleurs et de belles mati\u00e8res.\",\"breadcrumb\":{\"@id\":\"http:\\\/\\\/www.duventdanslesvoiles.be\\\/index.php\\\/a-propos-de-nous\\\/#breadcrumb\"},\"inLanguage\":\"en-US\",\"potentialAction\":[{\"@type\":\"ReadAction\",\"target\":[\"http:\\\/\\\/www.duventdanslesvoiles.be\\\/index.php\\\/a-propos-de-nous\\\/\"]}]},{\"@type\":\"ImageObject\",\"inLanguage\":\"en-US\",\"@id\":\"http:\\\/\\\/www.duventdanslesvoiles.be\\\/index.php\\\/a-propos-de-nous\\\/#primaryimage\",\"url\":\"http:\\\/\\\/www.duventdanslesvoiles.be\\\/wp-content\\\/uploads\\\/2017\\\/09\\\/store-front.jpg\",\"contentUrl\":\"http:\\\/\\\/www.duventdanslesvoiles.be\\\/wp-content\\\/uploads\\\/2017\\\/09\\\/store-front.jpg\",\"width\":500,\"height\":382,\"caption\":\"store-front\"},{\"@type\":\"BreadcrumbList\",\"@id\":\"http:\\\/\\\/www.duventdanslesvoiles.be\\\/index.php\\\/a-propos-de-nous\\\/#breadcrumb\",\"itemListElement\":[{\"@type\":\"ListItem\",\"position\":1,\"name\":\"Home\",\"item\":\"http:\\\/\\\/www.duventdanslesvoiles.be\\\/\"},{\"@type\":\"ListItem\",\"position\":2,\"name\":\"\u00c0 Propos De Nous\"}]},{\"@type\":\"WebSite\",\"@id\":\"http:\\\/\\\/www.duventdanslesvoiles.be\\\/#website\",\"url\":\"http:\\\/\\\/www.duventdanslesvoiles.be\\\/\",\"name\":\"Du vent dans les voiles\",\"description\":\"\",\"publisher\":{\"@id\":\"http:\\\/\\\/www.duventdanslesvoiles.be\\\/#organization\"},\"potentialAction\":[{\"@type\":\"SearchAction\",\"target\":{\"@type\":\"EntryPoint\",\"urlTemplate\":\"http:\\\/\\\/www.duventdanslesvoiles.be\\\/?s={search_term_string}\"},\"query-input\":{\"@type\":\"PropertyValueSpecification\",\"valueRequired\":true,\"valueName\":\"search_term_string\"}}],\"inLanguage\":\"en-US\"},{\"@type\":\"Organization\",\"@id\":\"http:\\\/\\\/www.duventdanslesvoiles.be\\\/#organization\",\"name\":\"Du Vent Dans Les Voiles\",\"url\":\"http:\\\/\\\/www.duventdanslesvoiles.be\\\/\",\"logo\":{\"@type\":\"ImageObject\",\"inLanguage\":\"en-US\",\"@id\":\"http:\\\/\\\/www.duventdanslesvoiles.be\\\/#\\\/schema\\\/logo\\\/image\\\/\",\"url\":\"http:\\\/\\\/www.duventdanslesvoiles.be\\\/wp-content\\\/uploads\\\/2017\\\/09\\\/logo-du-vent-dans-les-voiles-sept-20-2017-final-2.png\",\"contentUrl\":\"http:\\\/\\\/www.duventdanslesvoiles.be\\\/wp-content\\\/uploads\\\/2017\\\/09\\\/logo-du-vent-dans-les-voiles-sept-20-2017-final-2.png\",\"width\":250,\"height\":250,\"caption\":\"Du Vent Dans Les Voiles\"},\"image\":{\"@id\":\"http:\\\/\\\/www.duventdanslesvoiles.be\\\/#\\\/schema\\\/logo\\\/image\\\/\"}}]}<\/script>\n<!-- \/ Yoast SEO plugin. -->","yoast_head_json":{"title":"\u00c0 Propos De Nous - Du vent dans les voiles","description":"\u00c0 Propos De Nous: Du Vent dans les Voiles, c\u2019est d\u2019abord un nom \u00e9vocateur de voyages, voyage dans un univers de couleurs et de belles mati\u00e8res.","robots":{"index":"index","follow":"follow","max-snippet":"max-snippet:-1","max-image-preview":"max-image-preview:large","max-video-preview":"max-video-preview:-1"},"canonical":"http:\/\/www.duventdanslesvoiles.be\/index.php\/a-propos-de-nous\/","og_locale":"en_US","og_type":"article","og_title":"\u00c0 Propos De Nous - Du vent dans les voiles","og_description":"\u00c0 Propos De Nous: Du Vent dans les Voiles, c\u2019est d\u2019abord un nom \u00e9vocateur de voyages, voyage dans un univers de couleurs et de belles mati\u00e8res.","og_url":"http:\/\/www.duventdanslesvoiles.be\/index.php\/a-propos-de-nous\/","og_site_name":"Du vent dans les voiles","article_modified_time":"2025-02-26T16:15:40+00:00","og_image":[{"width":500,"height":382,"url":"http:\/\/www.duventdanslesvoiles.be\/wp-content\/uploads\/2017\/09\/store-front.jpg","type":"image\/jpeg"}],"twitter_card":"summary_large_image","twitter_misc":{"Est. reading time":"1 minute"},"schema":{"@context":"https:\/\/schema.org","@graph":[{"@type":"WebPage","@id":"http:\/\/www.duventdanslesvoiles.be\/index.php\/a-propos-de-nous\/","url":"http:\/\/www.duventdanslesvoiles.be\/index.php\/a-propos-de-nous\/","name":"\u00c0 Propos De Nous - Du vent dans les voiles","isPartOf":{"@id":"http:\/\/www.duventdanslesvoiles.be\/#website"},"primaryImageOfPage":{"@id":"http:\/\/www.duventdanslesvoiles.be\/index.php\/a-propos-de-nous\/#primaryimage"},"image":{"@id":"http:\/\/www.duventdanslesvoiles.be\/index.php\/a-propos-de-nous\/#primaryimage"},"thumbnailUrl":"http:\/\/www.duventdanslesvoiles.be\/wp-content\/uploads\/2017\/09\/store-front.jpg","datePublished":"2017-09-04T10:03:07+00:00","dateModified":"2025-02-26T16:15:40+00:00","description":"\u00c0 Propos De Nous: Du Vent dans les Voiles, c\u2019est d\u2019abord un nom \u00e9vocateur de voyages, voyage dans un univers de couleurs et de belles mati\u00e8res.","breadcrumb":{"@id":"http:\/\/www.duventdanslesvoiles.be\/index.php\/a-propos-de-nous\/#breadcrumb"},"inLanguage":"en-US","potentialAction":[{"@type":"ReadAction","target":["http:\/\/www.duventdanslesvoiles.be\/index.php\/a-propos-de-nous\/"]}]},{"@type":"ImageObject","inLanguage":"en-US","@id":"http:\/\/www.duventdanslesvoiles.be\/index.php\/a-propos-de-nous\/#primaryimage","url":"http:\/\/www.duventdanslesvoiles.be\/wp-content\/uploads\/2017\/09\/store-front.jpg","contentUrl":"http:\/\/www.duventdanslesvoiles.be\/wp-content\/uploads\/2017\/09\/store-front.jpg","width":500,"height":382,"caption":"store-front"},{"@type":"BreadcrumbList","@id":"http:\/\/www.duventdanslesvoiles.be\/index.php\/a-propos-de-nous\/#breadcrumb","itemListElement":[{"@type":"ListItem","position":1,"name":"Home","item":"http:\/\/www.duventdanslesvoiles.be\/"},{"@type":"ListItem","position":2,"name":"\u00c0 Propos De Nous"}]},{"@type":"WebSite","@id":"http:\/\/www.duventdanslesvoiles.be\/#website","url":"http:\/\/www.duventdanslesvoiles.be\/","name":"Du vent dans les voiles","description":"","publisher":{"@id":"http:\/\/www.duventdanslesvoiles.be\/#organization"},"potentialAction":[{"@type":"SearchAction","target":{"@type":"EntryPoint","urlTemplate":"http:\/\/www.duventdanslesvoiles.be\/?s={search_term_string}"},"query-input":{"@type":"PropertyValueSpecification","valueRequired":true,"valueName":"search_term_string"}}],"inLanguage":"en-US"},{"@type":"Organization","@id":"http:\/\/www.duventdanslesvoiles.be\/#organization","name":"Du Vent Dans Les Voiles","url":"http:\/\/www.duventdanslesvoiles.be\/","logo":{"@type":"ImageObject","inLanguage":"en-US","@id":"http:\/\/www.duventdanslesvoiles.be\/#\/schema\/logo\/image\/","url":"http:\/\/www.duventdanslesvoiles.be\/wp-content\/uploads\/2017\/09\/logo-du-vent-dans-les-voiles-sept-20-2017-final-2.png","contentUrl":"http:\/\/www.duventdanslesvoiles.be\/wp-content\/uploads\/2017\/09\/logo-du-vent-dans-les-voiles-sept-20-2017-final-2.png","width":250,"height":250,"caption":"Du Vent Dans Les Voiles"},"image":{"@id":"http:\/\/www.duventdanslesvoiles.be\/#\/schema\/logo\/image\/"}}]}},"_links":{"self":[{"href":"http:\/\/www.duventdanslesvoiles.be\/index.php\/wp-json\/wp\/v2\/pages\/382","targetHints":{"allow":["GET"]}}],"collection":[{"href":"http:\/\/www.duventdanslesvoiles.be\/index.php\/wp-json\/wp\/v2\/pages"}],"about":[{"href":"http:\/\/www.duventdanslesvoiles.be\/index.php\/wp-json\/wp\/v2\/types\/page"}],"author":[{"embeddable":true,"href":"http:\/\/www.duventdanslesvoiles.be\/index.php\/wp-json\/wp\/v2\/users\/1"}],"replies":[{"embeddable":true,"href":"http:\/\/www.duventdanslesvoiles.be\/index.php\/wp-json\/wp\/v2\/comments?post=382"}],"version-history":[{"count":9,"href":"http:\/\/www.duventdanslesvoiles.be\/index.php\/wp-json\/wp\/v2\/pages\/382\/revisions"}],"predecessor-version":[{"id":3419,"href":"http:\/\/www.duventdanslesvoiles.be\/index.php\/wp-json\/wp\/v2\/pages\/382\/revisions\/3419"}],"wp:featuredmedia":[{"embeddable":true,"href":"http:\/\/www.duventdanslesvoiles.be\/index.php\/wp-json\/wp\/v2\/media\/1153"}],"wp:attachment":[{"href":"http:\/\/www.duventdanslesvoiles.be\/index.php\/wp-json\/wp\/v2\/media?parent=382"}],"wp:term":[{"taxonomy":"category","embeddable":true,"href":"http:\/\/www.duventdanslesvoiles.be\/index.php\/wp-json\/wp\/v2\/categories?post=382"},{"taxonomy":"post_tag","embeddable":true,"href":"http:\/\/www.duventdanslesvoiles.be\/index.php\/wp-json\/wp\/v2\/tags?post=382"}],"curies":[{"name":"wp","href":"https:\/\/api.w.org\/{rel}","templated":true}]}}